{"id":3,"date":"2024-02-03T00:01:39","date_gmt":"2024-02-03T00:01:39","guid":{"rendered":"http:\/\/elektroniniu-svetainiu-kurimas.lt\/?page_id=3"},"modified":"2024-07-11T22:22:17","modified_gmt":"2024-07-11T22:22:17","slug":"privatumo-politika","status":"publish","type":"page","link":"https:\/\/baltasdaznis.lt\/en\/privatumo-politika\/","title":{"rendered":"Privatumo politika"},"content":{"rendered":"<div class=\"wp-block-greenshift-blocks-row alignfull gspb_row gspb_row-id-gsbp-62bdcfc3-7697\" id=\"gspb_row-id-gsbp-62bdcfc3-7697\"><div class=\"gspb_row__content\"> \n<div class=\"wp-block-greenshift-blocks-row-column gspb_row__col--12 gspb_col-id-gsbp-f75a7ac2-edf1\" id=\"gspb_col-id-gsbp-f75a7ac2-edf1\">\n<h1 id=\"gspb_heading-id-gsbp-0e273fbb-602c\" class=\"gspb_heading gspb_heading-id-gsbp-0e273fbb-602c\">Privatumo politika<\/h1>\n<\/div>\n <\/div><\/div>\n\n\n\n<div id=\"gspb_text-id-gsbp-38c994d4-a3fb\" class=\"gspb_text gspb_text-id-gsbp-38c994d4-a3fb\">BALTAS DA\u017dNIS<\/div>\n\n\n\n<h2 id=\"gspb_heading-id-gsbp-4a7b58b3-bac2\" class=\"gspb_heading gspb_heading-id-gsbp-4a7b58b3-bac2\">Privatumo politika<\/h2>\n\n\n\n<p>Paskutin\u012f kart\u0105 atnaujinta: 2024-07-14<\/p>\n\n\n\n<p>Sveiki atvyk\u0119 \u012f Balt\u0105 Da\u017en\u012f, pasiekiam\u0105 adresu<a href=\"https:\/\/baltasdaznis.lt\/en\/\"> www.baltasdaznis.lt<\/a>.<\/p>\n\n\n\n<p>\u0160ioje privatumo politikoje apra\u0161oma m\u016bs\u0173 svetain\u0117s privatumo politika ir proced\u016bros, susijusios su J\u016bs\u0173 informacijos rinkimu, naudojimu ir atskleidimu, kai naudojat\u0117s Svetaine, taip pat informuojama apie J\u016bs\u0173 privatumo teises ir tai, kaip Jus gina \u012fstatymai. J\u016bs\u0173 Asmens duomenis naudojame tik Svetain\u0117s Paslaugai teikti ir tobulinti. Naudodamiesi Svetaine sutinkate, kad informacija b\u016bt\u0173 renkama ir naudojama pagal \u0161i\u0105 privatumo politik\u0105.<\/p>\n\n\n\n<p><strong>\u012evadas<\/strong><strong><br><\/strong><strong>Paskyra<\/strong> &#8211; tai unikali paskyra, sukurta Jums, kad gal\u0117tum\u0117te naudotis m\u016bs\u0173 Svetaine ar jos dalimis.<br><strong>Susij\u0119s subjektas<\/strong> &#8211; subjektas, kuris kontroliuoja \u0161al\u012f, yra jos kontroliuojamas arba yra bendrai kontroliuojamas su \u0161alimi, kur kontrol\u0117 rei\u0161kia, kad jam priklauso 50 % ar daugiau akcij\u0173, nuosavyb\u0117s dali\u0173 ar kit\u0173 vertybini\u0173 popieri\u0173, suteikian\u010di\u0173 teis\u0119 balsuoti renkant direktori\u0173 ar kitus valdymo organus.<br><strong>Bendrov\u0117<\/strong> (\u0161ioje Sutartyje vadinama Bendrove, Mes, Mes arba M\u016bs\u0173) rei\u0161kia Balt\u0105 Da\u017en\u012f, Siesarties g. 16, Juo\u010di\u0173 k., LT-33200 Mol\u0117t\u0173 r.<br><strong>Slapukai<\/strong> &#8211; tai ma\u017ei failai, kuriuos svetain\u0117 \u012fra\u0161o \u012f J\u016bs\u0173 kompiuter\u012f, mobil\u0173j\u012f \u012frengin\u012f ar bet kur\u012f kit\u0105 \u012frengin\u012f, ir kuriuose, be daugelio kit\u0173 paskir\u010di\u0173, pateikiama informacija apie J\u016bs\u0173 nar\u0161ymo toje svetain\u0117je istorij\u0105.<br><strong>\u0160alis<\/strong> &#8211; rei\u0161kia Lietuv\u0105.<br><strong>\u012erenginys<\/strong> &#8211; tai bet koks \u012frenginys, kuriuo galima naudotis Paslauga, pavyzd\u017eiui, kompiuteris, mobilusis telefonas arba skaitmenin\u0117 plan\u0161et\u0117.<br><strong>Asmens duomenys<\/strong> &#8211; tai bet kokia informacija, susijusi su identifikuotu arba identifikuojamu asmeniu.<br><strong>Paslauga<\/strong> &#8211; rei\u0161kia Svetain\u0119 arba joje pateikiam\u0105 paslaug\u0105.<br><strong>Paslaug\u0173 teik\u0117jas<\/strong> &#8211; tai bet kuris fizinis ar juridinis asmuo, kuris tvarko duomenis Bendrov\u0117s vardu. Tai apima ir tre\u010di\u0173j\u0173 \u0161ali\u0173 \u012fmones ar asmenis, kuriuos Bendrov\u0117 samdo tam, kad palengvint\u0173 Paslaugos teikim\u0105, teikt\u0173 Paslaug\u0105 Bendrov\u0117s vardu, teikt\u0173 su Paslauga susijusias paslaugas arba pad\u0117t\u0173 Bendrovei analizuoti, kaip naudojama Paslauga.<br><strong>Tre\u010diosios \u0161alies socialin\u0117s medijos paslauga<\/strong> &#8211; tai bet kuri svetain\u0117 ar socialinio tinklo svetain\u0117, per kuri\u0105 Vartotojas gali prisijungti arba susikurti paskyr\u0105, kad gal\u0117t\u0173 naudotis Paslauga.<br><strong>Naudojimo duomenys<\/strong> &#8211; tai automati\u0161kai renkami duomenys, kurie gaunami naudojantis Paslauga arba i\u0161 pa\u010dios Paslaugos infrastrukt\u016bros (pvz., apsilankymo puslapyje trukm\u0117).<\/p>\n\n\n\n<p>Interneto svetain\u0117je pateikiama nuoroda \u012f Balt\u0105 Da\u017en\u012f, pasiekiama i\u0161<a href=\"https:\/\/baltasdaznis.lt\/en\/\"> www.baltasdaznis.lt<\/a>.<br><strong>J\u016bs<\/strong> &#8211; tai asmuo, kuris naudojasi Svetaine, Paslauga arba \u012fmon\u0117, arba kitas juridinis asmuo, kurio vardu toks asmuo naudojasi Paslauga arba Svetaine.<br>\u0160i privatumo politika buvo sukurta naudojantis privatumo politikos generatoriumi.<\/p>\n\n\n\n<p><strong>J\u016bs\u0173 asmenini\u0173 duomen\u0173 rinkimas ir naudojimas<\/strong><strong><br><\/strong><strong>Renkam\u0173 duomen\u0173 tipai<\/strong><strong><br><\/strong><strong>Asmens duomenys<\/strong><strong><br><\/strong>Naudojantis m\u016bs\u0173 Svetaine, galime papra\u0161yti j\u016bs\u0173 pateikti mums tam tikr\u0105 asmenin\u0119 informacij\u0105, kuri gali b\u016bti naudojama susisiekti su jumis arba nustatyti j\u016bs\u0173 tapatyb\u0119. Asmen\u012f identifikuojanti informacija, kuri\u0105 mes galime rinkti, apima, bet neapsiriboja: El. pa\u0161to adresas, Vardas ir pavard\u0117, Telefono numeris, Adresas, pa\u0161to kodas, miestas.<\/p>\n\n\n\n<p><strong>Svetain\u0117s naudojimo duomenys<\/strong><strong><br><\/strong>Naudojimo duomenys renkami automati\u0161kai, kai naudojat\u0117s Svetaine, \u012fskaitant informacij\u0105, kuri\u0105 j\u016bs\u0173 nar\u0161ykl\u0117 siun\u010dia kiekvien\u0105 kart\u0105, kai lankot\u0117s m\u016bs\u0173 Svetain\u0117je arba kai Svetain\u0119 pasiekiate mobiliuoju \u012frenginiu arba per j\u012f. Naudojimo duomenys gali apimti toki\u0105 informacij\u0105, kaip j\u016bs\u0173 \u012erenginio interneto protokolo adresas (pvz., IP adresas), nar\u0161ykl\u0117s tipas, nar\u0161ykl\u0117s versija, m\u016bs\u0173 Svetain\u0117s puslapiai, kuriuose lankot\u0117s, apsilankymo laikas ir data, \u0161iuose puslapiuose praleistas laikas, unikal\u016bs \u012frenginio identifikatoriai ir kiti diagnostiniai duomenys. Kai Svetain\u0119 pasiekiate mobiliuoju \u012frenginiu arba per j\u012f, mes galime automati\u0161kai rinkti tam tikr\u0105 informacij\u0105, \u012fskaitant, bet neapsiribojant, j\u016bs\u0173 naudojamo mobiliojo \u012frenginio tip\u0105, j\u016bs\u0173 mobiliojo \u012frenginio unikal\u0173 ID, j\u016bs\u0173 mobiliojo \u012frenginio IP adres\u0105, j\u016bs\u0173 mobili\u0105j\u0105 operacin\u0119 sistem\u0105, j\u016bs\u0173 naudojamos mobiliosios interneto nar\u0161ykl\u0117s tip\u0105, unikalius \u012frenginio identifikatorius ir kitus diagnostinius duomenis.<\/p>\n\n\n\n<p><strong>Svetain\u0117s slapuk\u0173 politika<\/strong><strong><br><\/strong>Mes naudojame slapukus ir kitas lankytoj\u0173 steb\u0117senos technologijas, kad gal\u0117tume steb\u0117ti veikl\u0105 M\u016bs\u0173 Svetain\u0117je ir saugoti tam tikr\u0105 informacij\u0105. Naudojamos sekimo technologijos yra web-beacons, \u017eymos ir scenarijai, skirti informacijai rinkti ir sekti bei M\u016bs\u0173 Svetainei tobulinti ir analizuoti. M\u016bs\u0173 Svetain\u0117je naudojami slapukai yra b\u016btent nurodyti auk\u0161\u010diau. J\u016bs galite nurodyti, kad j\u016bs\u0173 nar\u0161ykl\u0117 atsisakyt\u0173 vis\u0173 slapuk\u0173 arba nurodyti, kada slapukas yra siun\u010diamas. Ta\u010diau atkreipkite d\u0117mes\u012f, kad kai kurie Svetain\u0117s funkcijos gali neveikti tinkamai, jei slapukai yra i\u0161jungti. Pra\u0161ome pasitarti su nar\u0161ykl\u0117s teik\u0117ju, kad gautum\u0117te informacij\u0105 apie slapuk\u0173 valdym\u0105.<\/p>\n\n\n\n<p><strong>Kaip naudojame j\u016bs\u0173 duomenis<\/strong><strong><br><\/strong>Baltas Da\u017enis naudoja surinktus duomenis tik vidaus naudojimui. J\u016bs\u0173 Asmens duomenis mes naudojame, kad teiktume ir tobulintume Svetain\u0119. Per\u017ei\u016br\u0117dami \u0161i\u0105 privatumo politik\u0105, j\u016bs sutinkate su \u0161iais atnaujinimais.<\/p>","protected":false},"excerpt":{"rendered":"<p>Paskutin\u012f kart\u0105 atnaujinta: 2024-07-14 Sveiki atvyk\u0119 \u012f Balt\u0105 Da\u017en\u012f, pasiekiam\u0105 adresu www.baltasdaznis.lt. \u0160ioje privatumo politikoje apra\u0161oma m\u016bs\u0173 svetain\u0117s privatumo politika ir proced\u016bros, susijusios su J\u016bs\u0173 informacijos rinkimu, naudojimu ir atskleidimu, kai naudojat\u0117s Svetaine, taip pat informuojama apie J\u016bs\u0173 privatumo teises ir tai, kaip Jus gina \u012fstatymai. J\u016bs\u0173 Asmens duomenis naudojame tik Svetain\u0117s Paslaugai teikti ir [&hellip;]<\/p>\n","protected":false},"author":1,"featured_media":0,"parent":0,"menu_order":0,"comment_status":"closed","ping_status":"closed","template":"","meta":{"_gspb_post_css":"#gspb_heading-id-gsbp-0e273fbb-602c,#gspb_heading-id-gsbp-0e273fbb-602c .gsap-g-line{text-align:left!important}@media (max-width:991.98px){#gspb_heading-id-gsbp-0e273fbb-602c,#gspb_heading-id-gsbp-0e273fbb-602c .gsap-g-line{text-align:center!important}}#gspb_heading-id-gsbp-0e273fbb-602c{color:#fff;margin-top:0;margin-bottom:0}#gspb_row-id-gsbp-62bdcfc3-7697{justify-content:space-between;display:flex;flex-wrap:wrap;margin-top:-60px;margin-bottom:80px;padding-top:250px;padding-bottom:180px}#gspb_row-id-gsbp-62bdcfc3-7697>.gspb_row__content{display:flex;justify-content:space-between;margin:0 auto;width:100%;flex-wrap:wrap}.gspb_row{position:relative}div[id^=gspb_col-id]{box-sizing:border-box;position:relative;padding:15px min(3vw,20px)}body.gspb-bodyfront #gspb_row-id-gsbp-62bdcfc3-7697>.gspb_row__content{width:var(--theme-container-width, 1200px);max-width:var(--theme-normal-container-max-width, 1200px)}@media (max-width:991.98px){#gspb_row-id-gsbp-62bdcfc3-7697{margin-bottom:60px;padding-top:150px;padding-bottom:100px}}@media (max-width:575.98px){#gspb_row-id-gsbp-62bdcfc3-7697{margin-bottom:60px}}#gspb_row-id-gsbp-62bdcfc3-7697{background-size:cover;background-repeat:no-repeat;background-position:28% 70%;background-image:url(https:\/\/baltasdaznis.lt\/wp-content\/uploads\/2024\/06\/26173226_1969818733272075_23289984369532.jpg)}#gspb_row-id-gsbp-62bdcfc3-7697:hover{background-size:cover}#gspb_col-id-gsbp-f75a7ac2-edf1.gspb_row__col--12{width:100%}@media (max-width:575.98px){#gspb_col-id-gsbp-f75a7ac2-edf1.gspb_row__col--12{width:100%}}.gspb_row #gspb_col-id-gsbp-f75a7ac2-edf1.gspb_row__col--12{padding:0}#gspb_heading-id-gsbp-4a7b58b3-bac2,.gspb_text-id-gsbp-38c994d4-a3fb{text-transform:uppercase}#gspb_heading-id-gsbp-4a7b58b3-bac2,#gspb_heading-id-gsbp-4a7b58b3-bac2 .gsap-g-line,.gspb_text-id-gsbp-38c994d4-a3fb,.gspb_text-id-gsbp-38c994d4-a3fb .gsap-g-line{text-align:left!important}.gspb_text-id-gsbp-38c994d4-a3fb{font-weight:700!important;color:var(--wp--preset--color--palette-color-2, var(--theme-palette-color-2, #E17335));margin-top:60px!important;margin-bottom:10px!important}@media (max-width:575.98px){.gspb_text-id-gsbp-38c994d4-a3fb{margin-top:10px!important}}#gspb_heading-id-gsbp-4a7b58b3-bac2{margin-top:0;margin-bottom:40px}","_kad_blocks_custom_css":"","_kad_blocks_head_custom_js":"","_kad_blocks_body_custom_js":"","_kad_blocks_footer_custom_js":"","footnotes":""},"class_list":["post-3","page","type-page","status-publish","hentry"],"blocksy_meta":{"has_hero_section":"disabled","styles_descriptor":{"styles":{"desktop":"","tablet":"","mobile":""},"google_fonts":[],"version":6}},"taxonomy_info":[],"featured_image_src_large":false,"author_info":{"display_name":"elektroniniu-svetainiu-kurimas.lt","author_link":"https:\/\/baltasdaznis.lt\/en\/author\/elektroniniu-svetainiu-kurimas-lt\/"},"comment_info":0,"_links":{"self":[{"href":"https:\/\/baltasdaznis.lt\/en\/wp-json\/wp\/v2\/pages\/3","targetHints":{"allow":["GET"]}}],"collection":[{"href":"https:\/\/baltasdaznis.lt\/en\/wp-json\/wp\/v2\/pages"}],"about":[{"href":"https:\/\/baltasdaznis.lt\/en\/wp-json\/wp\/v2\/types\/page"}],"author":[{"embeddable":true,"href":"https:\/\/baltasdaznis.lt\/en\/wp-json\/wp\/v2\/users\/1"}],"replies":[{"embeddable":true,"href":"https:\/\/baltasdaznis.lt\/en\/wp-json\/wp\/v2\/comments?post=3"}],"version-history":[{"count":5,"href":"https:\/\/baltasdaznis.lt\/en\/wp-json\/wp\/v2\/pages\/3\/revisions"}],"predecessor-version":[{"id":1693,"href":"https:\/\/baltasdaznis.lt\/en\/wp-json\/wp\/v2\/pages\/3\/revisions\/1693"}],"wp:attachment":[{"href":"https:\/\/baltasdaznis.lt\/en\/wp-json\/wp\/v2\/media?parent=3"}],"curies":[{"name":"wp","href":"https:\/\/api.w.org\/{rel}","templated":true}]}}