{"id":1653,"date":"2024-07-11T15:59:31","date_gmt":"2024-07-11T15:59:31","guid":{"rendered":"https:\/\/elektroniniu-svetainiu-kurimas.lt\/baltasdaznis\/?page_id=1653"},"modified":"2024-07-15T18:57:11","modified_gmt":"2024-07-15T18:57:11","slug":"karjera","status":"publish","type":"page","link":"https:\/\/baltasdaznis.lt\/en\/pagrindinis\/karjera\/","title":{"rendered":"Karjera"},"content":{"rendered":"<div class=\"wp-block-greenshift-blocks-row alignfull gspb_row gspb_row-id-gsbp-62bdcfc3-7697\" id=\"gspb_row-id-gsbp-62bdcfc3-7697\"><div class=\"gspb_backgroundOverlay\"><\/div><div class=\"gspb_row__content\"> \n<div class=\"wp-block-greenshift-blocks-row-column gspb_row__col--12 gspb_col-id-gsbp-f75a7ac2-edf1\" id=\"gspb_col-id-gsbp-f75a7ac2-edf1\">\n<h1 id=\"gspb_heading-id-gsbp-bf94dc64-75bd\" class=\"gspb_heading gspb_heading-id-gsbp-bf94dc64-75bd\">Karjera<\/h1>\n<\/div>\n <\/div><\/div>\n\n\n\n<div id=\"gspb_text-id-gsbp-38c994d4-a3fb\" class=\"gspb_text gspb_text-id-gsbp-38c994d4-a3fb\">Video aptarnavimas<\/div>\n\n\n\n<h2 id=\"gspb_heading-id-gsbp-4a7b58b3-bac2\" class=\"gspb_heading gspb_heading-id-gsbp-4a7b58b3-bac2\">KARJERA<\/h2>\n\n\n\n<div id=\"gspb_text-id-gsbp-62e0300b-466e\" class=\"gspb_text gspb_text-id-gsbp-62e0300b-466e\"><strong>Ie\u0161kome norin\u010di\u0173 prisijungti prie m\u016bs\u0173 komandos rengini\u0173 vaizdo aptarnavimo srityje!<\/strong><br><strong>Si\u016blome \u012fvairias karjeros galimybes:<\/strong><\/div>\n\n\n\n<div class=\"wp-block-greenshift-blocks-iconlist gspb_iconsList gspb_iconsList-id-gsbp-d9897f2\" id=\"gspb_iconsList-id-gsbp-d9897f2\"><div class=\"gspb_iconsList__item\" data-id=\"0\"><svg class=\"\" style=\"display:inline-block;vertical-align:middle\" width=\"18\" height=\"18\" viewbox=\"0 0 896 1024\" xmlns=\"http:\/\/www.w3.org\/2000\/svg\"><path style=\"fill:#565D66\" d=\"M436.202 76.202l-39.598 39.598c-9.372 9.372-9.372 24.568 0 33.942l310.26 310.258h-682.864c-13.254 0-24 10.746-24 24v56c0 13.254 10.746 24 24 24h682.864l-310.26 310.26c-9.372 9.372-9.372 24.568 0 33.942l39.598 39.598c9.372 9.372 24.568 9.372 33.942 0l418.828-418.828c9.372-9.372 9.372-24.568 0-33.942l-418.83-418.828c-9.372-9.374-24.568-9.374-33.94 0z\"><\/path><\/svg><span class=\"gspb_iconsList__item__text\"><strong>VJ&#8217;ai:<\/strong> \u012frangos valdymas ir turinio k\u016brimas \u012fvairiems renginiams.<\/span><\/div><div class=\"gspb_iconsList__item\" data-id=\"1\"><svg class=\"\" style=\"display:inline-block;vertical-align:middle\" width=\"18\" height=\"18\" viewbox=\"0 0 896 1024\" xmlns=\"http:\/\/www.w3.org\/2000\/svg\"><path style=\"fill:#565D66\" d=\"M436.202 76.202l-39.598 39.598c-9.372 9.372-9.372 24.568 0 33.942l310.26 310.258h-682.864c-13.254 0-24 10.746-24 24v56c0 13.254 10.746 24 24 24h682.864l-310.26 310.26c-9.372 9.372-9.372 24.568 0 33.942l39.598 39.598c9.372 9.372 24.568 9.372 33.942 0l418.828-418.828c9.372-9.372 9.372-24.568 0-33.942l-418.83-418.828c-9.372-9.374-24.568-9.374-33.94 0z\"><\/path><\/svg><span class=\"gspb_iconsList__item__text\"><strong>Techniniai specialistai:<\/strong> \u012frangos montavimas, aptarnavimas ir technin\u0117 prie\u017ei\u016bra.<\/span><\/div><div class=\"gspb_iconsList__item\" data-id=\"2\"><svg class=\"\" style=\"display:inline-block;vertical-align:middle\" width=\"18\" height=\"18\" viewbox=\"0 0 896 1024\" xmlns=\"http:\/\/www.w3.org\/2000\/svg\"><path style=\"fill:#565D66\" d=\"M436.202 76.202l-39.598 39.598c-9.372 9.372-9.372 24.568 0 33.942l310.26 310.258h-682.864c-13.254 0-24 10.746-24 24v56c0 13.254 10.746 24 24 24h682.864l-310.26 310.26c-9.372 9.372-9.372 24.568 0 33.942l39.598 39.598c9.372 9.372 24.568 9.372 33.942 0l418.828-418.828c9.372-9.372 9.372-24.568 0-33.942l-418.83-418.828c-9.372-9.374-24.568-9.374-33.94 0z\"><\/path><\/svg><span class=\"gspb_iconsList__item__text\"><strong>\u012emon\u0117s administratorius (-\u0117):<\/strong> administracin\u0117s u\u017eduotys, \u012fmon\u0117s veiklos ir socialini\u0173 tinkl\u0173 koordinavimas.<\/span><\/div><\/div>\n\n\n\n<div id=\"gspb_text-id-gsbp-08b6e7a\" class=\"gspb_text gspb_text-id-gsbp-08b6e7a\"><strong>Kod\u0117l verta dirbti Baltame Da\u017enyje?<\/strong><\/div>\n\n\n\n<div class=\"wp-block-greenshift-blocks-iconlist gspb_iconsList gspb_iconsList-id-gsbp-f3c9cff\" id=\"gspb_iconsList-id-gsbp-f3c9cff\"><div class=\"gspb_iconsList__item\" data-id=\"0\"><svg class=\"\" style=\"display:inline-block;vertical-align:middle\" width=\"18\" height=\"18\" viewbox=\"0 0 896 1024\" xmlns=\"http:\/\/www.w3.org\/2000\/svg\"><path style=\"fill:#565D66\" d=\"M436.202 76.202l-39.598 39.598c-9.372 9.372-9.372 24.568 0 33.942l310.26 310.258h-682.864c-13.254 0-24 10.746-24 24v56c0 13.254 10.746 24 24 24h682.864l-310.26 310.26c-9.372 9.372-9.372 24.568 0 33.942l39.598 39.598c9.372 9.372 24.568 9.372 33.942 0l418.828-418.828c9.372-9.372 9.372-24.568 0-33.942l-418.83-418.828c-9.372-9.374-24.568-9.374-33.94 0z\"><\/path><\/svg><span class=\"gspb_iconsList__item__text\">Profesionali, visada pasirengusi pad\u0117ti komanda.<\/span><\/div><div class=\"gspb_iconsList__item\" data-id=\"1\"><svg class=\"\" style=\"display:inline-block;vertical-align:middle\" width=\"18\" height=\"18\" viewbox=\"0 0 896 1024\" xmlns=\"http:\/\/www.w3.org\/2000\/svg\"><path style=\"fill:#565D66\" d=\"M436.202 76.202l-39.598 39.598c-9.372 9.372-9.372 24.568 0 33.942l310.26 310.258h-682.864c-13.254 0-24 10.746-24 24v56c0 13.254 10.746 24 24 24h682.864l-310.26 310.26c-9.372 9.372-9.372 24.568 0 33.942l39.598 39.598c9.372 9.372 24.568 9.372 33.942 0l418.828-418.828c9.372-9.372 9.372-24.568 0-33.942l-418.83-418.828c-9.372-9.374-24.568-9.374-33.94 0z\"><\/path><\/svg><span class=\"gspb_iconsList__item__text\">Mokymosi ir tobul\u0117jimo galimyb\u0117s, vadovaujant patyrusiems ekspertams.<\/span><\/div><div class=\"gspb_iconsList__item\" data-id=\"2\"><svg class=\"\" style=\"display:inline-block;vertical-align:middle\" width=\"18\" height=\"18\" viewbox=\"0 0 896 1024\" xmlns=\"http:\/\/www.w3.org\/2000\/svg\"><path style=\"fill:#565D66\" d=\"M436.202 76.202l-39.598 39.598c-9.372 9.372-9.372 24.568 0 33.942l310.26 310.258h-682.864c-13.254 0-24 10.746-24 24v56c0 13.254 10.746 24 24 24h682.864l-310.26 310.26c-9.372 9.372-9.372 24.568 0 33.942l39.598 39.598c9.372 9.372 24.568 9.372 33.942 0l418.828-418.828c9.372-9.372 9.372-24.568 0-33.942l-418.83-418.828c-9.372-9.374-24.568-9.374-33.94 0z\"><\/path><\/svg><span class=\"gspb_iconsList__item__text\">Dirbame su \u012fvairaus masto projektais ir nuolat ie\u0161kome nauj\u0173 id\u0117j\u0173.<\/span><\/div><\/div>\n\n\n\n<div id=\"gspb_text-id-gsbp-bb42e3d\" class=\"gspb_text gspb_text-id-gsbp-bb42e3d\"><strong>Kaip prad\u0117ti karjer\u0105 su mumis?<\/strong><br><br>Jei jus domina m\u016bs\u0173 si\u016blomos galimyb\u0117s, si\u0173skite savo CV su trumpu motyvaciniu tekstu adresu<strong> <a href=\"mailto:info@baltasdaznis.lt\">info@baltasdaznis.lt<\/a><\/strong>.<br>Laukiame talenting\u0173 ir ambicing\u0173 asmen\u0173, kurie nori tobul\u0117ti kartu su Baltu Da\u017eniu!<br><br><strong>Prisijunkite prie m\u016bs\u0173 komandos \u2013 kartu kuriame ne tik vaizd\u0105, bet ir ateit\u012f!<\/strong><br><\/div>","protected":false},"excerpt":{"rendered":"","protected":false},"author":1,"featured_media":0,"parent":592,"menu_order":0,"comment_status":"closed","ping_status":"closed","template":"","meta":{"_gspb_post_css":"#gspb_heading-id-gsbp-bf94dc64-75bd,#gspb_heading-id-gsbp-bf94dc64-75bd .gsap-g-line{text-align:left!important}#gspb_heading-id-gsbp-bf94dc64-75bd{color:#fff;margin-top:0;margin-bottom:0}@media (max-width:575.98px){#gspb_heading-id-gsbp-bf94dc64-75bd{margin-top:0}}#gspb_row-id-gsbp-62bdcfc3-7697{justify-content:space-between;margin-top:0;display:flex;flex-wrap:wrap;margin-bottom:0;padding-top:250px;padding-bottom:180px}#gspb_row-id-gsbp-62bdcfc3-7697>.gspb_row__content{display:flex;justify-content:space-between;margin:0 auto;width:100%;flex-wrap:wrap}.gspb_row{position:relative}div[id^=gspb_col-id]{box-sizing:border-box;position:relative;padding:15px min(3vw,20px)}body.gspb-bodyfront #gspb_row-id-gsbp-62bdcfc3-7697>.gspb_row__content{width:var(--theme-container-width, 1200px);max-width:var(--theme-normal-container-max-width, 1200px)}@media (max-width:991.98px){#gspb_row-id-gsbp-62bdcfc3-7697{margin-bottom:60px;padding-top:150px;padding-bottom:100px}}#gspb_row-id-gsbp-62bdcfc3-7697{background-size:cover;background-repeat:no-repeat;background-position:52% 59%;background-image:url(https:\/\/baltasdaznis.lt\/wp-content\/uploads\/2024\/07\/1-4-1.jpg);isolation:isolate}#gspb_row-id-gsbp-62bdcfc3-7697:hover{background-size:cover}#gspb_row-id-gsbp-62bdcfc3-7697>.gspb_backgroundOverlay{position:absolute;top:0;left:0;width:100%;height:100%;z-index:-1;opacity:.3;background-color:#000}.gspb_text-id-gsbp-38c994d4-a3fb{text-transform:uppercase;text-align:left!important;font-weight:700!important;color:var(--wp--preset--color--palette-color-2, var(--theme-palette-color-2, #E17335));margin-top:60px!important;margin-bottom:10px!important}#gspb_heading-id-gsbp-4a7b58b3-bac2,#gspb_heading-id-gsbp-4a7b58b3-bac2 .gsap-g-line,.gspb_text-id-gsbp-38c994d4-a3fb .gsap-g-line{text-align:left!important}@media (max-width:575.98px){.gspb_text-id-gsbp-38c994d4-a3fb{margin-top:10px!important}}#gspb_heading-id-gsbp-4a7b58b3-bac2{margin-top:0;margin-bottom:40px}@media (max-width:575.98px){.gspb_text-id-gsbp-62e0300b-466e,.gspb_text-id-gsbp-62e0300b-466e .gsap-g-line{text-align:center!important}}.gspb_text-id-gsbp-62e0300b-466e{margin-top:0!important;margin-bottom:8px!important}#gspb_iconsList-id-gsbp-d9897f2.gspb_iconsList .gspb_iconsList__item__text{margin-left:15px}#gspb_iconsList-id-gsbp-d9897f2.gspb_iconsList .gspb_iconsList__item{display:flex;flex-direction:row;align-items:center;position:relative}#gspb_iconsList-id-gsbp-d9897f2.gspb_iconsList .gspb_iconsList__item svg path,#gspb_iconsList-id-gsbp-f3c9cff.gspb_iconsList .gspb_iconsList__item svg path{fill:var(--theme-link-initial-color, #2184f9)!important}#gspb_iconsList-id-gsbp-d9897f2.gspb_iconsList [data-id='0'] svg,#gspb_iconsList-id-gsbp-d9897f2.gspb_iconsList [data-id='1'] svg,#gspb_iconsList-id-gsbp-d9897f2.gspb_iconsList [data-id='2'] svg,#gspb_iconsList-id-gsbp-f3c9cff.gspb_iconsList [data-id='0'] svg,#gspb_iconsList-id-gsbp-f3c9cff.gspb_iconsList [data-id='1'] svg,#gspb_iconsList-id-gsbp-f3c9cff.gspb_iconsList [data-id='2'] svg,body #gspb_iconsList-id-gsbp-d9897f2.gspb_iconsList .gspb_iconsList__item img,body #gspb_iconsList-id-gsbp-d9897f2.gspb_iconsList .gspb_iconsList__item svg,body #gspb_iconsList-id-gsbp-f3c9cff.gspb_iconsList .gspb_iconsList__item img,body #gspb_iconsList-id-gsbp-f3c9cff.gspb_iconsList .gspb_iconsList__item svg{margin:0!important}@media (max-width:575.98px){.gspb_text-id-gsbp-08b6e7a,.gspb_text-id-gsbp-08b6e7a .gsap-g-line{text-align:center!important}}.gspb_text-id-gsbp-08b6e7a{margin-top:0!important;margin-bottom:8px!important}#gspb_iconsList-id-gsbp-f3c9cff.gspb_iconsList .gspb_iconsList__item__text{margin-left:15px}#gspb_iconsList-id-gsbp-f3c9cff.gspb_iconsList .gspb_iconsList__item{display:flex;flex-direction:row;align-items:center;position:relative}@media (max-width:575.98px){.gspb_text-id-gsbp-bb42e3d,.gspb_text-id-gsbp-bb42e3d .gsap-g-line{text-align:left!important}}.gspb_text-id-gsbp-bb42e3d{margin-top:0!important;margin-bottom:0!important}#gspb_col-id-gsbp-f75a7ac2-edf1.gspb_row__col--12{width:100%}@media (max-width:575.98px){#gspb_col-id-gsbp-f75a7ac2-edf1.gspb_row__col--12{width:100%}}.gspb_row #gspb_col-id-gsbp-f75a7ac2-edf1.gspb_row__col--12{padding:0}","_kad_blocks_custom_css":"","_kad_blocks_head_custom_js":"","_kad_blocks_body_custom_js":"","_kad_blocks_footer_custom_js":"","footnotes":""},"class_list":["post-1653","page","type-page","status-publish","hentry"],"blocksy_meta":{"has_hero_section":"disabled","vertical_spacing_source":"custom","content_area_spacing":"none","styles_descriptor":{"styles":{"desktop":"","tablet":"","mobile":""},"google_fonts":[],"version":6}},"taxonomy_info":[],"featured_image_src_large":false,"author_info":{"display_name":"elektroniniu-svetainiu-kurimas.lt","author_link":"https:\/\/baltasdaznis.lt\/en\/author\/elektroniniu-svetainiu-kurimas-lt\/"},"comment_info":0,"_links":{"self":[{"href":"https:\/\/baltasdaznis.lt\/en\/wp-json\/wp\/v2\/pages\/1653","targetHints":{"allow":["GET"]}}],"collection":[{"href":"https:\/\/baltasdaznis.lt\/en\/wp-json\/wp\/v2\/pages"}],"about":[{"href":"https:\/\/baltasdaznis.lt\/en\/wp-json\/wp\/v2\/types\/page"}],"author":[{"embeddable":true,"href":"https:\/\/baltasdaznis.lt\/en\/wp-json\/wp\/v2\/users\/1"}],"replies":[{"embeddable":true,"href":"https:\/\/baltasdaznis.lt\/en\/wp-json\/wp\/v2\/comments?post=1653"}],"version-history":[{"count":5,"href":"https:\/\/baltasdaznis.lt\/en\/wp-json\/wp\/v2\/pages\/1653\/revisions"}],"predecessor-version":[{"id":1801,"href":"https:\/\/baltasdaznis.lt\/en\/wp-json\/wp\/v2\/pages\/1653\/revisions\/1801"}],"up":[{"embeddable":true,"href":"https:\/\/baltasdaznis.lt\/en\/wp-json\/wp\/v2\/pages\/592"}],"wp:attachment":[{"href":"https:\/\/baltasdaznis.lt\/en\/wp-json\/wp\/v2\/media?parent=1653"}],"curies":[{"name":"wp","href":"https:\/\/api.w.org\/{rel}","templated":true}]}}